{"id":953,"date":"2022-05-16T11:14:55","date_gmt":"2022-05-16T09:14:55","guid":{"rendered":"http:\/\/www.asspv.fr\/?page_id=953"},"modified":"2023-12-04T23:15:06","modified_gmt":"2023-12-04T22:15:06","slug":"dps-terrestre","status":"publish","type":"page","link":"https:\/\/www.asspv.fr\/index.php\/dps-terrestre\/","title":{"rendered":"DPS Terrestre"},"content":{"rendered":"<style>\/*! elementor - v3.15.0 - 20-08-2023 *\/\n.elementor-column .elementor-spacer-inner{height:var(--spacer-size)}.e-con{--container-widget-width:100%}.e-con-inner>.elementor-widget-spacer,.e-con>.elementor-widget-spacer{width:var(--container-widget-width,var(--spacer-size));--align-self:var(--container-widget-align-self,initial);--flex-shrink:0}.e-con-inner>.elementor-widget-spacer>.elementor-widget-container,.e-con-inner>.elementor-widget-spacer>.elementor-widget-container>.elementor-spacer,.e-con>.elementor-widget-spacer>.elementor-widget-container,.e-con>.elementor-widget-spacer>.elementor-widget-container>.elementor-spacer{height:100%}.e-con-inner>.elementor-widget-spacer>.elementor-widget-container>.elementor-spacer>.elementor-spacer-inner,.e-con>.elementor-widget-spacer>.elementor-widget-container>.elementor-spacer>.elementor-spacer-inner{height:var(--container-widget-height,var(--spacer-size))}<\/style>\n<style>\/*! elementor - v3.15.0 - 20-08-2023 *\/\n.elementor-heading-title{padding:0;margin:0;line-height:1}.elementor-widget-heading .elementor-heading-title[class*=elementor-size-]>a{color:inherit;font-size:inherit;line-height:inherit}.elementor-widget-heading .elementor-heading-title.elementor-size-small{font-size:15px}.elementor-widget-heading .elementor-heading-title.elementor-size-medium{font-size:19px}.elementor-widget-heading .elementor-heading-title.elementor-size-large{font-size:29px}.elementor-widget-heading .elementor-heading-title.elementor-size-xl{font-size:39px}.elementor-widget-heading .elementor-heading-title.elementor-size-xxl{font-size:59px}<\/style>\n<h2>S\u00e9curit\u00e9 Terrestre<\/h2>\n<style>\/*! elementor - v3.15.0 - 20-08-2023 *\/\n.elementor-widget-divider{--divider-border-style:none;--divider-border-width:1px;--divider-color:#0c0d0e;--divider-icon-size:20px;--divider-element-spacing:10px;--divider-pattern-height:24px;--divider-pattern-size:20px;--divider-pattern-url:none;--divider-pattern-repeat:repeat-x}.elementor-widget-divider .elementor-divider{display:flex}.elementor-widget-divider .elementor-divider__text{font-size:15px;line-height:1;max-width:95%}.elementor-widget-divider .elementor-divider__element{margin:0 var(--divider-element-spacing);flex-shrink:0}.elementor-widget-divider .elementor-icon{font-size:var(--divider-icon-size)}.elementor-widget-divider .elementor-divider-separator{display:flex;margin:0;direction:ltr}.elementor-widget-divider--view-line_icon .elementor-divider-separator,.elementor-widget-divider--view-line_text .elementor-divider-separator{align-items:center}.elementor-widget-divider--view-line_icon .elementor-divider-separator:after,.elementor-widget-divider--view-line_icon .elementor-divider-separator:before,.elementor-widget-divider--view-line_text .elementor-divider-separator:after,.elementor-widget-divider--view-line_text .elementor-divider-separator:before{display:block;content:\"\";border-bottom:0;flex-grow:1;border-top:var(--divider-border-width) var(--divider-border-style) var(--divider-color)}.elementor-widget-divider--element-align-left .elementor-divider .elementor-divider-separator>.elementor-divider__svg:first-of-type{flex-grow:0;flex-shrink:100}.elementor-widget-divider--element-align-left .elementor-divider-separator:before{content:none}.elementor-widget-divider--element-align-left .elementor-divider__element{margin-left:0}.elementor-widget-divider--element-align-right .elementor-divider .elementor-divider-separator>.elementor-divider__svg:last-of-type{flex-grow:0;flex-shrink:100}.elementor-widget-divider--element-align-right .elementor-divider-separator:after{content:none}.elementor-widget-divider--element-align-right .elementor-divider__element{margin-right:0}.elementor-widget-divider:not(.elementor-widget-divider--view-line_text):not(.elementor-widget-divider--view-line_icon) .elementor-divider-separator{border-top:var(--divider-border-width) var(--divider-border-style) var(--divider-color)}.elementor-widget-divider--separator-type-pattern{--divider-border-style:none}.elementor-widget-divider--separator-type-pattern.elementor-widget-divider--view-line .elementor-divider-separator,.elementor-widget-divider--separator-type-pattern:not(.elementor-widget-divider--view-line) .elementor-divider-separator:after,.elementor-widget-divider--separator-type-pattern:not(.elementor-widget-divider--view-line) .elementor-divider-separator:before,.elementor-widget-divider--separator-type-pattern:not([class*=elementor-widget-divider--view]) .elementor-divider-separator{width:100%;min-height:var(--divider-pattern-height);-webkit-mask-size:var(--divider-pattern-size) 100%;mask-size:var(--divider-pattern-size) 100%;-webkit-mask-repeat:var(--divider-pattern-repeat);mask-repeat:var(--divider-pattern-repeat);background-color:var(--divider-color);-webkit-mask-image:var(--divider-pattern-url);mask-image:var(--divider-pattern-url)}.elementor-widget-divider--no-spacing{--divider-pattern-size:auto}.elementor-widget-divider--bg-round{--divider-pattern-repeat:round}.rtl .elementor-widget-divider .elementor-divider__text{direction:rtl}.e-con-inner>.elementor-widget-divider,.e-con>.elementor-widget-divider{width:var(--container-widget-width,100%);--flex-grow:var(--container-widget-flex-grow)}<\/style>\n<p><em><strong>DPS terrestre (Agr\u00e9ment de type D1)<\/strong><\/em><\/p>\n<style>\/*! elementor - v3.15.0 - 20-08-2023 *\/\n.elementor-widget-image{text-align:center}.elementor-widget-image a{display:inline-block}.elementor-widget-image a img[src$=\".svg\"]{width:48px}.elementor-widget-image img{vertical-align:middle;display:inline-block}<\/style>\n<p>\t\t\t\t\t\t\t\t\t\t\t\t<img loading=\"lazy\" decoding=\"async\" width=\"768\" height=\"508\" src=\"https:\/\/www.asspv.fr\/wp-content\/uploads\/2022\/05\/006b185f-1c7c-4584-8732-bf835d6bba5a-768x508.jpg\" alt=\"\" loading=\"lazy\" srcset=\"https:\/\/www.asspv.fr\/wp-content\/uploads\/2022\/05\/006b185f-1c7c-4584-8732-bf835d6bba5a-768x508.jpg 768w, https:\/\/www.asspv.fr\/wp-content\/uploads\/2022\/05\/006b185f-1c7c-4584-8732-bf835d6bba5a-300x198.jpg 300w, https:\/\/www.asspv.fr\/wp-content\/uploads\/2022\/05\/006b185f-1c7c-4584-8732-bf835d6bba5a-1024x677.jpg 1024w, https:\/\/www.asspv.fr\/wp-content\/uploads\/2022\/05\/006b185f-1c7c-4584-8732-bf835d6bba5a-1536x1015.jpg 1536w, https:\/\/www.asspv.fr\/wp-content\/uploads\/2022\/05\/006b185f-1c7c-4584-8732-bf835d6bba5a.jpg 1885w\" sizes=\"auto, (max-width: 768px) 100vw, 768px\" \/>\t\t\t\t\t\t\t\t\t\t\t\t\t\t\t<\/p>\n<h4>Mise \u00e0 disposition<\/h4>\n<ul>\n<li>Secours\u00a0FFSS avec le mat\u00e9riel de secourisme\u00a0appropri\u00e9<\/li>\n<li>\u00c9quipiers secouristes\u00a0form\u00e9s pour intervenir aupr\u00e8s des personnes en difficult\u00e9s.<\/li>\n<\/ul>\n<h4>Moyens logistiques mis en \u0153uvre <\/h4>\n<p>\t\t\t\t\t\t\t\t\t\t\t\t\t\t\t<img loading=\"lazy\" decoding=\"async\" width=\"300\" height=\"225\" src=\"https:\/\/www.asspv.fr\/wp-content\/uploads\/2022\/07\/IMG_1045-300x225.jpg\" alt=\"\" loading=\"lazy\" srcset=\"https:\/\/www.asspv.fr\/wp-content\/uploads\/2022\/07\/IMG_1045-300x225.jpg 300w, https:\/\/www.asspv.fr\/wp-content\/uploads\/2022\/07\/IMG_1045-1024x768.jpg 1024w, https:\/\/www.asspv.fr\/wp-content\/uploads\/2022\/07\/IMG_1045-768x576.jpg 768w, https:\/\/www.asspv.fr\/wp-content\/uploads\/2022\/07\/IMG_1045-1536x1152.jpg 1536w, https:\/\/www.asspv.fr\/wp-content\/uploads\/2022\/07\/IMG_1045-2048x1536.jpg 2048w\" sizes=\"auto, (max-width: 300px) 100vw, 300px\" \/>\t\t\t\t\t\t\t\t\t\t\t\t\t\t\t<\/p>\n<ul>\n<li><b>V\u00e9hicule logistique :<\/b><\/li>\n<\/ul>\n<p>Sacs de secours enti\u00e8rement \u00e9quip\u00e9s, brancard, DSA,<em>(Tout le mat\u00e9riel est\u00a0conforme \u00e0 la r\u00e9glementation en vigueur et homologu\u00e9 aux normes CE).<\/em>\u00a0<\/p>\n<ul>\n<li><b>V\u00e9hicule de Premiers Secours \u00e0 Personnes :<\/b><\/li>\n<\/ul>\n<p>V\u00e9hicule \u00e9quip\u00e9 d\u2019un brancard et arm\u00e9 avec un LOT A. Il permet de couvrir de grandes zones sur des DPS.\t\t<\/p>\n<h4>Moyens humains mis en \u0153uvre <\/h4>\n<p>\t\t\t\t\t\t\t\t\t\t\t\t\t\t\t<img loading=\"lazy\" decoding=\"async\" width=\"300\" height=\"225\" src=\"https:\/\/www.asspv.fr\/wp-content\/uploads\/2023\/08\/PHOTO-2023-04-11-08-04-04-300x225.jpg\" alt=\"\u00e9quipe de secouristes\" loading=\"lazy\" srcset=\"https:\/\/www.asspv.fr\/wp-content\/uploads\/2023\/08\/PHOTO-2023-04-11-08-04-04-300x225.jpg 300w, https:\/\/www.asspv.fr\/wp-content\/uploads\/2023\/08\/PHOTO-2023-04-11-08-04-04-1024x768.jpg 1024w, https:\/\/www.asspv.fr\/wp-content\/uploads\/2023\/08\/PHOTO-2023-04-11-08-04-04-768x576.jpg 768w, https:\/\/www.asspv.fr\/wp-content\/uploads\/2023\/08\/PHOTO-2023-04-11-08-04-04-1536x1152.jpg 1536w, https:\/\/www.asspv.fr\/wp-content\/uploads\/2023\/08\/PHOTO-2023-04-11-08-04-04.jpg 2048w\" sizes=\"auto, (max-width: 300px) 100vw, 300px\" \/>\t\t\t\t\t\t\t\t\t\t\t\t\t\t\t<\/p>\n<ul>\n<li><strong>Au minimum\u00a02\u00a0PSE1 par poste\u00a0dipl\u00f4m\u00e9s :<\/strong><br \/>&#8211; PSE1 (Premiers secours en \u00e9quipe de niveau 1)<br \/>&#8211; ou PSE2 (Premiers secours en \u00c9quipe 2) \u00e0 jour de leur formation continue<\/li>\n<\/ul>\n<h2>Les diff\u00e9rents DPS<\/h2>\n<p>\t\t\t\t\t\t\t\t\t\t\t\t\t\t\t<img loading=\"lazy\" decoding=\"async\" width=\"265\" height=\"221\" src=\"https:\/\/www.asspv.fr\/wp-content\/uploads\/2022\/05\/th-31.jpeg\" alt=\"\" loading=\"lazy\" \/>\t\t\t\t\t\t\t\t\t\t\t\t\t\t\t<\/p>\n<ul>\n<li><b>Le Point d\u2019Alerte et de Premiers Secours (PAPS)<\/b>&nbsp;est le dispositif pr\u00e9visionnel de secours \u00e0 personnes minimum mis en place \u00e0 l\u2019occasion d\u2019une manifestation dont la grille d\u2019\u00e9valuation des risques d\u00e9termine un \u00ab ratio intervenants secouristes \u00bb (RIS) sup\u00e9rieur \u00e0 0,25 et inf\u00e9rieur ou \u00e9gal \u00e0 1,25.<\/li>\n<\/ul>\n<p>\t\t\t\t\t\t\t\t\t\t\t\t\t\t\t<img loading=\"lazy\" decoding=\"async\" width=\"134\" height=\"165\" src=\"https:\/\/www.asspv.fr\/wp-content\/uploads\/2022\/05\/th-32.jpeg\" alt=\"\" loading=\"lazy\" \/>\t\t\t\t\t\t\t\t\t\t\t\t\t\t\t<\/p>\n<ul>\n<li><b>Le Dispositif Pr\u00e9visionnel de Secours \u00e0 personnes de Petite Envergure (DPS-PE)<\/b>\u00a0est un dispositif mis en place, \u00e0 la demande, si n\u00e9cessaire, de l\u2019autorit\u00e9 de police comp\u00e9tente et sous la responsabilit\u00e9 de l\u2019organisateur de la manifestation, \u00e0 l\u2019occasion d\u2019une manifestation dont la grille d\u2019\u00e9valuation des risques d\u00e9termine un RIS sup\u00e9rieur \u00e0 1,25 et inf\u00e9rieur ou \u00e9gal \u00e0 12. Il est compos\u00e9 d\u2019un seul poste de secours et d\u2019un nombre d\u2019\u00e9quipiers secouristes en rapport avec le RIS.<\/li>\n<\/ul>\n<p>\t\t\t\t\t\t\t\t\t\t\t\t\t\t\t<img loading=\"lazy\" decoding=\"async\" width=\"185\" height=\"166\" src=\"https:\/\/www.asspv.fr\/wp-content\/uploads\/2022\/05\/th-33.jpeg\" alt=\"\" loading=\"lazy\" \/>\t\t\t\t\t\t\t\t\t\t\t\t\t\t\t<\/p>\n<ul>\n<li><b>Le Dispositif Pr\u00e9visionnel de Secours \u00e0 personnes de Moyenne Envergure (DPS-ME)<\/b>\u00a0est un dispositif mis en place, \u00e0 la demande, de l\u2019autorit\u00e9 de police administrativement comp\u00e9tente et sous la responsabilit\u00e9 de l\u2019organisateur de la manifestation, \u00e0 l\u2019occasion d\u2019une manifestation dont la grille d\u2019\u00e9valuation des risques d\u00e9termine un RIS sup\u00e9rieur \u00e0 12 et inf\u00e9rieur ou \u00e9gal \u00e0 36. Il est compos\u00e9 de deux \u00e0 trois postes de secours et d\u2019un nombre d\u2019\u00e9quipiers secouristes en rapport avec le RIS et de deux logisticiens administratifs et techniques.<\/li>\n<\/ul>\n<p>\t\t\t\t\t\t\t\t\t\t\t\t\t\t\t<img loading=\"lazy\" decoding=\"async\" width=\"189\" height=\"170\" src=\"https:\/\/www.asspv.fr\/wp-content\/uploads\/2022\/05\/th-34.jpeg\" alt=\"\" loading=\"lazy\" \/>\t\t\t\t\t\t\t\t\t\t\t\t\t\t\t<\/p>\n<ul>\n<li><b>Le Dispositif Pr\u00e9visionnel de Secours \u00e0 personnes de Grande Envergure (DPS-GE)<\/b>\u00a0est un dispositif mis en place, \u00e0 la demande, de l\u2019autorit\u00e9 de police administrativement comp\u00e9tente et sous la responsabilit\u00e9 de l\u2019organisateur de la manifestation, \u00e0 l\u2019occasion d\u2019une manifestation dont la grille d\u2019\u00e9valuation des risques d\u00e9termine un RIS sup\u00e9rieur \u00e0 36. Il est compos\u00e9 d\u2019au moins quatre postes de secours et d\u2019un nombre d\u2019\u00e9quipiers secouristes en rapport avec le RIS et de deux logisticiens administratifs et techniques par secteur.<\/li>\n<\/ul>\n","protected":false},"excerpt":{"rendered":"<p>S\u00e9curit\u00e9 Terrestre DPS terrestre (Agr\u00e9ment de type D1) Mise \u00e0 disposition Secours\u00a0FFSS avec le mat\u00e9riel de secourisme\u00a0appropri\u00e9 \u00c9quipiers secouristes\u00a0form\u00e9s pour intervenir aupr\u00e8s des personnes en difficult\u00e9s. Moyens logistiques mis en \u0153uvre V\u00e9hicule logistique : Sacs de secours enti\u00e8rement \u00e9quip\u00e9s, brancard, DSA,(Tout le mat\u00e9riel est\u00a0conforme \u00e0 la r\u00e9glementation en vigueur et homologu\u00e9 aux normes CE).\u00a0 V\u00e9hicule [&hellip;]<\/p>\n","protected":false},"author":1,"featured_media":0,"parent":0,"menu_order":0,"comment_status":"closed","ping_status":"closed","template":"","meta":{"site-sidebar-layout":"no-sidebar","site-content-layout":"page-builder","ast-site-content-layout":"full-width-container","site-content-style":"unboxed","site-sidebar-style":"unboxed","ast-global-header-display":"","ast-banner-title-visibility":"","ast-main-header-display":"","ast-hfb-above-header-display":"","ast-hfb-below-header-display":"","ast-hfb-mobile-header-display":"","site-post-title":"disabled","ast-breadcrumbs-content":"","ast-featured-img":"disabled","footer-sml-layout":"","theme-transparent-header-meta":"","adv-header-id-meta":"","stick-header-meta":"","header-above-stick-meta":"","header-main-stick-meta":"","header-below-stick-meta":"","astra-migrate-meta-layouts":"set","ast-page-background-enabled":"default","ast-page-background-meta":{"desktop":{"background-color":"var(--ast-global-color-4)","background-image":"","background-repeat":"repeat","background-position":"center center","background-size":"auto","background-attachment":"scroll","background-type":"","background-media":"","overlay-type":"","overlay-color":"","overlay-opacity":"","overlay-gradient":""},"tablet":{"background-color":"","background-image":"","background-repeat":"repeat","background-position":"center center","background-size":"auto","background-attachment":"scroll","background-type":"","background-media":"","overlay-type":"","overlay-color":"","overlay-opacity":"","overlay-gradient":""},"mobile":{"background-color":"","background-image":"","background-repeat":"repeat","background-position":"center center","background-size":"auto","background-attachment":"scroll","background-type":"","background-media":"","overlay-type":"","overlay-color":"","overlay-opacity":"","overlay-gradient":""}},"ast-content-background-meta":{"desktop":{"background-color":"var(--ast-global-color-5)","background-image":"","background-repeat":"repeat","background-position":"center center","background-size":"auto","background-attachment":"scroll","background-type":"","background-media":"","overlay-type":"","overlay-color":"","overlay-opacity":"","overlay-gradient":""},"tablet":{"background-color":"var(--ast-global-color-5)","background-image":"","background-repeat":"repeat","background-position":"center center","background-size":"auto","background-attachment":"scroll","background-type":"","background-media":"","overlay-type":"","overlay-color":"","overlay-opacity":"","overlay-gradient":""},"mobile":{"background-color":"var(--ast-global-color-5)","background-image":"","background-repeat":"repeat","background-position":"center center","background-size":"auto","background-attachment":"scroll","background-type":"","background-media":"","overlay-type":"","overlay-color":"","overlay-opacity":"","overlay-gradient":""}},"footnotes":""},"class_list":["post-953","page","type-page","status-publish","hentry"],"_links":{"self":[{"href":"https:\/\/www.asspv.fr\/index.php\/wp-json\/wp\/v2\/pages\/953","targetHints":{"allow":["GET"]}}],"collection":[{"href":"https:\/\/www.asspv.fr\/index.php\/wp-json\/wp\/v2\/pages"}],"about":[{"href":"https:\/\/www.asspv.fr\/index.php\/wp-json\/wp\/v2\/types\/page"}],"author":[{"embeddable":true,"href":"https:\/\/www.asspv.fr\/index.php\/wp-json\/wp\/v2\/users\/1"}],"replies":[{"embeddable":true,"href":"https:\/\/www.asspv.fr\/index.php\/wp-json\/wp\/v2\/comments?post=953"}],"version-history":[{"count":35,"href":"https:\/\/www.asspv.fr\/index.php\/wp-json\/wp\/v2\/pages\/953\/revisions"}],"predecessor-version":[{"id":2656,"href":"https:\/\/www.asspv.fr\/index.php\/wp-json\/wp\/v2\/pages\/953\/revisions\/2656"}],"wp:attachment":[{"href":"https:\/\/www.asspv.fr\/index.php\/wp-json\/wp\/v2\/media?parent=953"}],"curies":[{"name":"wp","href":"https:\/\/api.w.org\/{rel}","templated":true}]}}