{"id":944,"date":"2022-05-16T10:40:28","date_gmt":"2022-05-16T08:40:28","guid":{"rendered":"http:\/\/www.asspv.fr\/?page_id=944"},"modified":"2025-07-07T09:10:03","modified_gmt":"2025-07-07T07:10:03","slug":"dps-nautique","status":"publish","type":"page","link":"https:\/\/www.asspv.fr\/index.php\/dps-nautique\/","title":{"rendered":"DPS Nautique"},"content":{"rendered":"\t\t<div data-elementor-type=\"wp-page\" data-elementor-id=\"944\" class=\"elementor elementor-944\" data-elementor-settings=\"{&quot;ha_cmc_init_switcher&quot;:&quot;no&quot;}\">\n\t\t\t\t\t\t<section class=\"elementor-section elementor-top-section elementor-element elementor-element-6fb8f2a elementor-section-boxed elementor-section-height-default elementor-section-height-default\" data-id=\"6fb8f2a\" data-element_type=\"section\" data-e-type=\"section\" data-settings=\"{&quot;_ha_eqh_enable&quot;:false}\">\n\t\t\t\t\t\t<div class=\"elementor-container elementor-column-gap-default\">\n\t\t\t\t\t<div class=\"elementor-column elementor-col-100 elementor-top-column elementor-element elementor-element-da72878\" data-id=\"da72878\" data-element_type=\"column\" data-e-type=\"column\">\n\t\t\t<div class=\"elementor-widget-wrap elementor-element-populated\">\n\t\t\t\t\t\t<div class=\"elementor-element elementor-element-1a0f9fa elementor-widget elementor-widget-spacer\" data-id=\"1a0f9fa\" data-element_type=\"widget\" data-e-type=\"widget\" data-widget_type=\"spacer.default\">\n\t\t\t\t<div class=\"elementor-widget-container\">\n\t\t\t\t\t\t\t<div class=\"elementor-spacer\">\n\t\t\t<div class=\"elementor-spacer-inner\"><\/div>\n\t\t<\/div>\n\t\t\t\t\t\t<\/div>\n\t\t\t\t<\/div>\n\t\t\t\t<div class=\"elementor-element elementor-element-0336926 elementor-widget elementor-widget-heading\" data-id=\"0336926\" data-element_type=\"widget\" data-e-type=\"widget\" data-widget_type=\"heading.default\">\n\t\t\t\t<div class=\"elementor-widget-container\">\n\t\t\t\t\t<h2 class=\"elementor-heading-title elementor-size-default\">S\u00e9curit\u00e9 Nautique<\/h2>\t\t\t\t<\/div>\n\t\t\t\t<\/div>\n\t\t\t\t<div class=\"elementor-element elementor-element-83b762e elementor-widget-divider--view-line elementor-widget elementor-widget-divider\" data-id=\"83b762e\" data-element_type=\"widget\" data-e-type=\"widget\" data-widget_type=\"divider.default\">\n\t\t\t\t<div class=\"elementor-widget-container\">\n\t\t\t\t\t\t\t<div class=\"elementor-divider\">\n\t\t\t<span class=\"elementor-divider-separator\">\n\t\t\t\t\t\t<\/span>\n\t\t<\/div>\n\t\t\t\t\t\t<\/div>\n\t\t\t\t<\/div>\n\t\t\t\t<div class=\"elementor-element elementor-element-cf62bff elementor-widget elementor-widget-spacer\" data-id=\"cf62bff\" data-element_type=\"widget\" data-e-type=\"widget\" data-widget_type=\"spacer.default\">\n\t\t\t\t<div class=\"elementor-widget-container\">\n\t\t\t\t\t\t\t<div class=\"elementor-spacer\">\n\t\t\t<div class=\"elementor-spacer-inner\"><\/div>\n\t\t<\/div>\n\t\t\t\t\t\t<\/div>\n\t\t\t\t<\/div>\n\t\t\t\t<div class=\"elementor-element elementor-element-2e8016a elementor-invisible elementor-widget elementor-widget-image\" data-id=\"2e8016a\" data-element_type=\"widget\" data-e-type=\"widget\" data-settings=\"{&quot;_animation&quot;:&quot;zoomIn&quot;}\" data-widget_type=\"image.default\">\n\t\t\t\t<div class=\"elementor-widget-container\">\n\t\t\t\t\t\t\t\t\t\t\t\t\t\t\t<img fetchpriority=\"high\" decoding=\"async\" width=\"768\" height=\"512\" src=\"https:\/\/www.asspv.fr\/wp-content\/uploads\/2025\/07\/DSC_3825-1-768x512.jpg\" class=\"attachment-medium_large size-medium_large wp-image-3080\" alt=\"\" srcset=\"https:\/\/www.asspv.fr\/wp-content\/uploads\/2025\/07\/DSC_3825-1-768x512.jpg 768w, https:\/\/www.asspv.fr\/wp-content\/uploads\/2025\/07\/DSC_3825-1-300x200.jpg 300w, https:\/\/www.asspv.fr\/wp-content\/uploads\/2025\/07\/DSC_3825-1-1024x683.jpg 1024w, https:\/\/www.asspv.fr\/wp-content\/uploads\/2025\/07\/DSC_3825-1-1536x1024.jpg 1536w, https:\/\/www.asspv.fr\/wp-content\/uploads\/2025\/07\/DSC_3825-1-2048x1365.jpg 2048w\" sizes=\"(max-width: 768px) 100vw, 768px\" \/>\t\t\t\t\t\t\t\t\t\t\t\t\t\t\t<\/div>\n\t\t\t\t<\/div>\n\t\t\t\t<div class=\"elementor-element elementor-element-a5b7e3b elementor-widget elementor-widget-spacer\" data-id=\"a5b7e3b\" data-element_type=\"widget\" data-e-type=\"widget\" data-widget_type=\"spacer.default\">\n\t\t\t\t<div class=\"elementor-widget-container\">\n\t\t\t\t\t\t\t<div class=\"elementor-spacer\">\n\t\t\t<div class=\"elementor-spacer-inner\"><\/div>\n\t\t<\/div>\n\t\t\t\t\t\t<\/div>\n\t\t\t\t<\/div>\n\t\t\t\t<div class=\"elementor-element elementor-element-f9b34bc ha-has-bg-overlay elementor-widget elementor-widget-heading\" data-id=\"f9b34bc\" data-element_type=\"widget\" data-e-type=\"widget\" data-widget_type=\"heading.default\">\n\t\t\t\t<div class=\"elementor-widget-container\">\n\t\t\t\t\t<h4 class=\"elementor-heading-title elementor-size-default\">Mise \u00e0 disposition<\/h4>\t\t\t\t<\/div>\n\t\t\t\t<\/div>\n\t\t\t\t<div class=\"elementor-element elementor-element-046827f elementor-invisible elementor-widget elementor-widget-text-editor\" data-id=\"046827f\" data-element_type=\"widget\" data-e-type=\"widget\" data-settings=\"{&quot;_animation&quot;:&quot;fadeIn&quot;}\" data-widget_type=\"text-editor.default\">\n\t\t\t\t<div class=\"elementor-widget-container\">\n\t\t\t\t\t\t\t\t\t<ul><li>Bateaux de secours FFSS avec le mat\u00e9riel de sauvetage appropri\u00e9 floqu\u00e9 FFSS ainsi que des pilotes form\u00e9s.<\/li><li><span style=\"font-size: 16px;\">Nageurs sauveteurs form\u00e9s pour intervenir aupr\u00e8s des personnes en difficult\u00e9s dans l\u2019eau.<\/span><\/li><\/ul>\t\t\t\t\t\t\t\t<\/div>\n\t\t\t\t<\/div>\n\t\t\t\t<div class=\"elementor-element elementor-element-1bd2718 elementor-widget elementor-widget-spacer\" data-id=\"1bd2718\" data-element_type=\"widget\" data-e-type=\"widget\" data-widget_type=\"spacer.default\">\n\t\t\t\t<div class=\"elementor-widget-container\">\n\t\t\t\t\t\t\t<div class=\"elementor-spacer\">\n\t\t\t<div class=\"elementor-spacer-inner\"><\/div>\n\t\t<\/div>\n\t\t\t\t\t\t<\/div>\n\t\t\t\t<\/div>\n\t\t\t\t\t<\/div>\n\t\t<\/div>\n\t\t\t\t\t<\/div>\n\t\t<\/section>\n\t\t\t\t<section class=\"elementor-section elementor-top-section elementor-element elementor-element-9f2d1ec elementor-section-boxed elementor-section-height-default elementor-section-height-default\" data-id=\"9f2d1ec\" data-element_type=\"section\" data-e-type=\"section\" data-settings=\"{&quot;_ha_eqh_enable&quot;:false}\">\n\t\t\t\t\t\t<div class=\"elementor-container elementor-column-gap-default\">\n\t\t\t\t\t<div class=\"elementor-column elementor-col-50 elementor-top-column elementor-element elementor-element-9b844e5 elementor-invisible\" data-id=\"9b844e5\" data-element_type=\"column\" data-e-type=\"column\" data-settings=\"{&quot;animation&quot;:&quot;fadeInLeft&quot;}\">\n\t\t\t<div class=\"elementor-widget-wrap elementor-element-populated\">\n\t\t\t\t\t\t<div class=\"elementor-element elementor-element-a118269 ha-has-bg-overlay elementor-widget elementor-widget-heading\" data-id=\"a118269\" data-element_type=\"widget\" data-e-type=\"widget\" data-widget_type=\"heading.default\">\n\t\t\t\t<div class=\"elementor-widget-container\">\n\t\t\t\t\t<h4 class=\"elementor-heading-title elementor-size-default\">Moyen logistique mis en \u0153uvre sur les embarcations <\/h4>\t\t\t\t<\/div>\n\t\t\t\t<\/div>\n\t\t\t\t<div class=\"elementor-element elementor-element-169d36c elementor-widget elementor-widget-image\" data-id=\"169d36c\" data-element_type=\"widget\" data-e-type=\"widget\" data-widget_type=\"image.default\">\n\t\t\t\t<div class=\"elementor-widget-container\">\n\t\t\t\t\t\t\t\t\t\t\t\t\t\t\t<img decoding=\"async\" width=\"225\" height=\"300\" src=\"https:\/\/www.asspv.fr\/wp-content\/uploads\/2025\/07\/20250531_090724-225x300.jpg\" class=\"attachment-medium size-medium wp-image-3081\" alt=\"\" srcset=\"https:\/\/www.asspv.fr\/wp-content\/uploads\/2025\/07\/20250531_090724-225x300.jpg 225w, https:\/\/www.asspv.fr\/wp-content\/uploads\/2025\/07\/20250531_090724-768x1024.jpg 768w, https:\/\/www.asspv.fr\/wp-content\/uploads\/2025\/07\/20250531_090724-1152x1536.jpg 1152w, https:\/\/www.asspv.fr\/wp-content\/uploads\/2025\/07\/20250531_090724-1536x2048.jpg 1536w, https:\/\/www.asspv.fr\/wp-content\/uploads\/2025\/07\/20250531_090724-scaled.jpg 1920w\" sizes=\"(max-width: 225px) 100vw, 225px\" \/>\t\t\t\t\t\t\t\t\t\t\t\t\t\t\t<\/div>\n\t\t\t\t<\/div>\n\t\t\t\t<div class=\"elementor-element elementor-element-fbd25ce elementor-widget elementor-widget-text-editor\" data-id=\"fbd25ce\" data-element_type=\"widget\" data-e-type=\"widget\" data-widget_type=\"text-editor.default\">\n\t\t\t\t<div class=\"elementor-widget-container\">\n\t\t\t\t\t\t\t\t\t<ul>\n<li>Semi-rigide avec :<br>&#8211; Bouts flottants,&nbsp;gilet FFSS d\u2019aide \u00e0 la flottabilit\u00e9,&nbsp;VHF.<\/li>\n<\/ul>\n<div><em>(Tous le mat\u00e9riel est&nbsp;conforme \u00e0 la r\u00e9glementation en vigueur et homologu\u00e9s aux normes CE).<\/em><\/div>\t\t\t\t\t\t\t\t<\/div>\n\t\t\t\t<\/div>\n\t\t\t\t\t<\/div>\n\t\t<\/div>\n\t\t\t\t<div class=\"elementor-column elementor-col-50 elementor-top-column elementor-element elementor-element-5ecb361 elementor-invisible\" data-id=\"5ecb361\" data-element_type=\"column\" data-e-type=\"column\" data-settings=\"{&quot;animation&quot;:&quot;fadeInRight&quot;}\">\n\t\t\t<div class=\"elementor-widget-wrap elementor-element-populated\">\n\t\t\t\t\t\t<div class=\"elementor-element elementor-element-4204c1f ha-has-bg-overlay elementor-widget elementor-widget-heading\" data-id=\"4204c1f\" data-element_type=\"widget\" data-e-type=\"widget\" data-widget_type=\"heading.default\">\n\t\t\t\t<div class=\"elementor-widget-container\">\n\t\t\t\t\t<h4 class=\"elementor-heading-title elementor-size-default\">Moyen humain mis en \u0153uvre sur les embarcations <\/h4>\t\t\t\t<\/div>\n\t\t\t\t<\/div>\n\t\t\t\t<div class=\"elementor-element elementor-element-1fad808 elementor-widget elementor-widget-image\" data-id=\"1fad808\" data-element_type=\"widget\" data-e-type=\"widget\" data-widget_type=\"image.default\">\n\t\t\t\t<div class=\"elementor-widget-container\">\n\t\t\t\t\t\t\t\t\t\t\t\t\t\t\t<img decoding=\"async\" width=\"768\" height=\"576\" src=\"https:\/\/www.asspv.fr\/wp-content\/uploads\/2025\/07\/IMG_3899-768x576.jpg\" class=\"attachment-medium_large size-medium_large wp-image-3082\" alt=\"\" srcset=\"https:\/\/www.asspv.fr\/wp-content\/uploads\/2025\/07\/IMG_3899-768x576.jpg 768w, https:\/\/www.asspv.fr\/wp-content\/uploads\/2025\/07\/IMG_3899-300x225.jpg 300w, https:\/\/www.asspv.fr\/wp-content\/uploads\/2025\/07\/IMG_3899-1024x768.jpg 1024w, https:\/\/www.asspv.fr\/wp-content\/uploads\/2025\/07\/IMG_3899-1536x1152.jpg 1536w, https:\/\/www.asspv.fr\/wp-content\/uploads\/2025\/07\/IMG_3899-2048x1536.jpg 2048w\" sizes=\"(max-width: 768px) 100vw, 768px\" \/>\t\t\t\t\t\t\t\t\t\t\t\t\t\t\t<\/div>\n\t\t\t\t<\/div>\n\t\t\t\t<div class=\"elementor-element elementor-element-d95029d elementor-widget elementor-widget-text-editor\" data-id=\"d95029d\" data-element_type=\"widget\" data-e-type=\"widget\" data-widget_type=\"text-editor.default\">\n\t\t\t\t<div class=\"elementor-widget-container\">\n\t\t\t\t\t\t\t\t\t<ul>\n<li>Au moins 1 Bnssa par bateau dipl\u00f4m\u00e9 :<br>&#8211; BNSSA (brevet national de s\u00e9curit\u00e9 et de sauvetage Aquatique)<br>&#8211; PSE1 \/ou PSE2 (Premiers secours en \u00c9quipe 1 ou 2) \u00e0 jour de leur formation continu<\/li>\n<li>Pilotes&nbsp;dipl\u00f4m\u00e9s :<br>&#8211; Permis mer option c\u00f4ti\u00e8re + minimum PSC1 (pr\u00e9vention et secours civique 1)<\/li>\n<\/ul>\t\t\t\t\t\t\t\t<\/div>\n\t\t\t\t<\/div>\n\t\t\t\t<div class=\"elementor-element elementor-element-08c5850 elementor-widget elementor-widget-spacer\" data-id=\"08c5850\" data-element_type=\"widget\" data-e-type=\"widget\" data-widget_type=\"spacer.default\">\n\t\t\t\t<div class=\"elementor-widget-container\">\n\t\t\t\t\t\t\t<div class=\"elementor-spacer\">\n\t\t\t<div class=\"elementor-spacer-inner\"><\/div>\n\t\t<\/div>\n\t\t\t\t\t\t<\/div>\n\t\t\t\t<\/div>\n\t\t\t\t\t<\/div>\n\t\t<\/div>\n\t\t\t\t\t<\/div>\n\t\t<\/section>\n\t\t\t\t<\/div>\n\t\t","protected":false},"excerpt":{"rendered":"<p>S\u00e9curit\u00e9 Nautique Mise \u00e0 disposition Bateaux de secours FFSS avec le mat\u00e9riel de sauvetage appropri\u00e9 floqu\u00e9 FFSS ainsi que des pilotes form\u00e9s. Nageurs sauveteurs form\u00e9s pour intervenir aupr\u00e8s des personnes en difficult\u00e9s dans l\u2019eau. Moyen logistique mis en \u0153uvre sur les embarcations Semi-rigide avec :&#8211; Bouts flottants,&nbsp;gilet FFSS d\u2019aide \u00e0 la flottabilit\u00e9,&nbsp;VHF. (Tous le mat\u00e9riel [&hellip;]<\/p>\n","protected":false},"author":1,"featured_media":0,"parent":0,"menu_order":0,"comment_status":"closed","ping_status":"closed","template":"","meta":{"site-sidebar-layout":"no-sidebar","site-content-layout":"page-builder","ast-site-content-layout":"","site-content-style":"default","site-sidebar-style":"default","ast-global-header-display":"","ast-banner-title-visibility":"","ast-main-header-display":"","ast-hfb-above-header-display":"","ast-hfb-below-header-display":"","ast-hfb-mobile-header-display":"","site-post-title":"disabled","ast-breadcrumbs-content":"","ast-featured-img":"disabled","footer-sml-layout":"","theme-transparent-header-meta":"","adv-header-id-meta":"","stick-header-meta":"","header-above-stick-meta":"","header-main-stick-meta":"","header-below-stick-meta":"","astra-migrate-meta-layouts":"default","ast-page-background-enabled":"default","ast-page-background-meta":{"desktop":{"background-color":"var(--ast-global-color-4)","background-image":"","background-repeat":"repeat","background-position":"center center","background-size":"auto","background-attachment":"scroll","background-type":"","background-media":"","overlay-type":"","overlay-color":"","overlay-opacity":"","overlay-gradient":""},"tablet":{"background-color":"","background-image":"","background-repeat":"repeat","background-position":"center center","background-size":"auto","background-attachment":"scroll","background-type":"","background-media":"","overlay-type":"","overlay-color":"","overlay-opacity":"","overlay-gradient":""},"mobile":{"background-color":"","background-image":"","background-repeat":"repeat","background-position":"center center","background-size":"auto","background-attachment":"scroll","background-type":"","background-media":"","overlay-type":"","overlay-color":"","overlay-opacity":"","overlay-gradient":""}},"ast-content-background-meta":{"desktop":{"background-color":"var(--ast-global-color-5)","background-image":"","background-repeat":"repeat","background-position":"center center","background-size":"auto","background-attachment":"scroll","background-type":"","background-media":"","overlay-type":"","overlay-color":"","overlay-opacity":"","overlay-gradient":""},"tablet":{"background-color":"var(--ast-global-color-5)","background-image":"","background-repeat":"repeat","background-position":"center center","background-size":"auto","background-attachment":"scroll","background-type":"","background-media":"","overlay-type":"","overlay-color":"","overlay-opacity":"","overlay-gradient":""},"mobile":{"background-color":"var(--ast-global-color-5)","background-image":"","background-repeat":"repeat","background-position":"center center","background-size":"auto","background-attachment":"scroll","background-type":"","background-media":"","overlay-type":"","overlay-color":"","overlay-opacity":"","overlay-gradient":""}},"footnotes":""},"class_list":["post-944","page","type-page","status-publish","hentry"],"_links":{"self":[{"href":"https:\/\/www.asspv.fr\/index.php\/wp-json\/wp\/v2\/pages\/944","targetHints":{"allow":["GET"]}}],"collection":[{"href":"https:\/\/www.asspv.fr\/index.php\/wp-json\/wp\/v2\/pages"}],"about":[{"href":"https:\/\/www.asspv.fr\/index.php\/wp-json\/wp\/v2\/types\/page"}],"author":[{"embeddable":true,"href":"https:\/\/www.asspv.fr\/index.php\/wp-json\/wp\/v2\/users\/1"}],"replies":[{"embeddable":true,"href":"https:\/\/www.asspv.fr\/index.php\/wp-json\/wp\/v2\/comments?post=944"}],"version-history":[{"count":22,"href":"https:\/\/www.asspv.fr\/index.php\/wp-json\/wp\/v2\/pages\/944\/revisions"}],"predecessor-version":[{"id":3085,"href":"https:\/\/www.asspv.fr\/index.php\/wp-json\/wp\/v2\/pages\/944\/revisions\/3085"}],"wp:attachment":[{"href":"https:\/\/www.asspv.fr\/index.php\/wp-json\/wp\/v2\/media?parent=944"}],"curies":[{"name":"wp","href":"https:\/\/api.w.org\/{rel}","templated":true}]}}