{"id":520,"date":"2022-05-11T13:45:42","date_gmt":"2022-05-11T11:45:42","guid":{"rendered":"http:\/\/www.asspv.fr\/?page_id=520"},"modified":"2022-06-09T17:19:16","modified_gmt":"2022-06-09T15:19:16","slug":"mecenat","status":"publish","type":"page","link":"https:\/\/www.asspv.fr\/index.php\/mecenat\/","title":{"rendered":"M\u00e9c\u00e9nat"},"content":{"rendered":"\t\t<div data-elementor-type=\"wp-page\" data-elementor-id=\"520\" class=\"elementor elementor-520\" data-elementor-settings=\"{&quot;ha_cmc_init_switcher&quot;:&quot;no&quot;}\">\n\t\t\t\t\t\t<section class=\"elementor-section elementor-top-section elementor-element elementor-element-4775738 elementor-section-boxed elementor-section-height-default elementor-section-height-default\" data-id=\"4775738\" data-element_type=\"section\" data-e-type=\"section\" data-settings=\"{&quot;_ha_eqh_enable&quot;:false}\">\n\t\t\t\t\t\t<div class=\"elementor-container elementor-column-gap-default\">\n\t\t\t\t\t<div class=\"elementor-column elementor-col-100 elementor-top-column elementor-element elementor-element-de1ef9c\" data-id=\"de1ef9c\" data-element_type=\"column\" data-e-type=\"column\">\n\t\t\t<div class=\"elementor-widget-wrap elementor-element-populated\">\n\t\t\t\t\t\t<div class=\"elementor-element elementor-element-5734c05 elementor-widget elementor-widget-heading\" data-id=\"5734c05\" data-element_type=\"widget\" data-e-type=\"widget\" data-widget_type=\"heading.default\">\n\t\t\t\t<div class=\"elementor-widget-container\">\n\t\t\t\t\t<h2 class=\"elementor-heading-title elementor-size-default\">Qu'est ce que le M\u00e9c\u00e9nat ?<\/h2>\t\t\t\t<\/div>\n\t\t\t\t<\/div>\n\t\t\t\t<div class=\"elementor-element elementor-element-c8d4e8c elementor-widget-divider--view-line elementor-widget elementor-widget-divider\" data-id=\"c8d4e8c\" data-element_type=\"widget\" data-e-type=\"widget\" data-widget_type=\"divider.default\">\n\t\t\t\t<div class=\"elementor-widget-container\">\n\t\t\t\t\t\t\t<div class=\"elementor-divider\">\n\t\t\t<span class=\"elementor-divider-separator\">\n\t\t\t\t\t\t<\/span>\n\t\t<\/div>\n\t\t\t\t\t\t<\/div>\n\t\t\t\t<\/div>\n\t\t\t\t\t<\/div>\n\t\t<\/div>\n\t\t\t\t\t<\/div>\n\t\t<\/section>\n\t\t\t\t<section class=\"elementor-section elementor-top-section elementor-element elementor-element-e04ae8c elementor-section-boxed elementor-section-height-default elementor-section-height-default\" data-id=\"e04ae8c\" data-element_type=\"section\" data-e-type=\"section\" data-settings=\"{&quot;_ha_eqh_enable&quot;:false}\">\n\t\t\t\t\t\t<div class=\"elementor-container elementor-column-gap-default\">\n\t\t\t\t\t<div class=\"elementor-column elementor-col-66 elementor-top-column elementor-element elementor-element-9f1b6a1\" data-id=\"9f1b6a1\" data-element_type=\"column\" data-e-type=\"column\">\n\t\t\t<div class=\"elementor-widget-wrap elementor-element-populated\">\n\t\t\t\t\t\t<div class=\"elementor-element elementor-element-3af70b0 elementor-widget elementor-widget-text-editor\" data-id=\"3af70b0\" data-element_type=\"widget\" data-e-type=\"widget\" data-widget_type=\"text-editor.default\">\n\t\t\t\t<div class=\"elementor-widget-container\">\n\t\t\t\t\t\t\t\t\t<p>Vous \u00eates int\u00e9ress\u00e9s pour nous aider \u00e0 financer\u00a0des projets, des actions\u2026<\/p><p>Notre association est d\u2019int\u00e9r\u00eat g\u00e9n\u00e9ral !<br \/>Vous pouvez faire un don et profiter des avantages fiscaux\u00a0offerts par la loi sur le m\u00e9c\u00e9nat\u2026<\/p>\t\t\t\t\t\t\t\t<\/div>\n\t\t\t\t<\/div>\n\t\t\t\t\t<\/div>\n\t\t<\/div>\n\t\t\t\t<div class=\"elementor-column elementor-col-33 elementor-top-column elementor-element elementor-element-28ab401\" data-id=\"28ab401\" data-element_type=\"column\" data-e-type=\"column\">\n\t\t\t<div class=\"elementor-widget-wrap elementor-element-populated\">\n\t\t\t\t\t\t<div class=\"elementor-element elementor-element-b0c536b elementor-widget elementor-widget-image\" data-id=\"b0c536b\" data-element_type=\"widget\" data-e-type=\"widget\" data-widget_type=\"image.default\">\n\t\t\t\t<div class=\"elementor-widget-container\">\n\t\t\t\t\t\t\t\t\t\t\t\t\t\t\t<img decoding=\"async\" src=\"https:\/\/www.asspv.fr\/wp-content\/uploads\/elementor\/thumbs\/Capture-decran-2022-05-11-a-13.41.39-ppc5kpnul6eo43jdw3cm8idkgo4tik6kfiv7b5d1g4.png\" title=\"Capture d\u2019\u00e9cran 2022-05-11 \u00e0 13.41.39\" alt=\"Capture d\u2019\u00e9cran 2022-05-11 \u00e0 13.41.39\" loading=\"lazy\" \/>\t\t\t\t\t\t\t\t\t\t\t\t\t\t\t<\/div>\n\t\t\t\t<\/div>\n\t\t\t\t<div class=\"elementor-element elementor-element-c60c569 elementor-widget elementor-widget-spacer\" data-id=\"c60c569\" data-element_type=\"widget\" data-e-type=\"widget\" data-widget_type=\"spacer.default\">\n\t\t\t\t<div class=\"elementor-widget-container\">\n\t\t\t\t\t\t\t<div class=\"elementor-spacer\">\n\t\t\t<div class=\"elementor-spacer-inner\"><\/div>\n\t\t<\/div>\n\t\t\t\t\t\t<\/div>\n\t\t\t\t<\/div>\n\t\t\t\t\t<\/div>\n\t\t<\/div>\n\t\t\t\t\t<\/div>\n\t\t<\/section>\n\t\t\t\t<section class=\"elementor-section elementor-top-section elementor-element elementor-element-34d4081 elementor-section-boxed elementor-section-height-default elementor-section-height-default\" data-id=\"34d4081\" data-element_type=\"section\" data-e-type=\"section\" data-settings=\"{&quot;_ha_eqh_enable&quot;:false}\">\n\t\t\t\t\t\t<div class=\"elementor-container elementor-column-gap-default\">\n\t\t\t\t\t<div class=\"elementor-column elementor-col-50 elementor-top-column elementor-element elementor-element-b790d48\" data-id=\"b790d48\" data-element_type=\"column\" data-e-type=\"column\">\n\t\t\t<div class=\"elementor-widget-wrap elementor-element-populated\">\n\t\t\t\t\t\t<div class=\"elementor-element elementor-element-4f82c60 ha-has-bg-overlay elementor-widget elementor-widget-heading\" data-id=\"4f82c60\" data-element_type=\"widget\" data-e-type=\"widget\" data-widget_type=\"heading.default\">\n\t\t\t\t<div class=\"elementor-widget-container\">\n\t\t\t\t\t<h4 class=\"elementor-heading-title elementor-size-default\">Pour les personnes physiques <\/h4>\t\t\t\t<\/div>\n\t\t\t\t<\/div>\n\t\t\t\t<div class=\"elementor-element elementor-element-904c31c elementor-widget elementor-widget-spacer\" data-id=\"904c31c\" data-element_type=\"widget\" data-e-type=\"widget\" data-widget_type=\"spacer.default\">\n\t\t\t\t<div class=\"elementor-widget-container\">\n\t\t\t\t\t\t\t<div class=\"elementor-spacer\">\n\t\t\t<div class=\"elementor-spacer-inner\"><\/div>\n\t\t<\/div>\n\t\t\t\t\t\t<\/div>\n\t\t\t\t<\/div>\n\t\t\t\t<div class=\"elementor-element elementor-element-f7f15fc elementor-widget elementor-widget-text-editor\" data-id=\"f7f15fc\" data-element_type=\"widget\" data-e-type=\"widget\" data-widget_type=\"text-editor.default\">\n\t\t\t\t<div class=\"elementor-widget-container\">\n\t\t\t\t\t\t\t\t\t<p><strong>Exemples de dons :<\/strong><br \/>Pour un don de <strong>100 \u20ac<\/strong><br \/>R\u00e9duction d\u2019imp\u00f4t de 66 \u20ac + contrepartie maximum de 25 \u20ac*<br \/>Co\u00fbt r\u00e9el = 9 \u20ac<\/p><p>Pour un don de <strong>200 \u20ac<\/strong><br \/>R\u00e9duction d\u2019imp\u00f4t de 132 \u20ac + contrepartie maximum de 50 \u20ac*<br \/>Co\u00fbt r\u00e9el = 18 \u20ac<\/p><p>Pour un don de <strong>300 \u20ac<\/strong><br \/>R\u00e9duction d\u2019imp\u00f4t de 198 \u20ac + contrepartie maximum de 65 \u20ac*<br \/>Co\u00fbt r\u00e9el = 37 \u20ac<\/p><p>Si 10 personnes donnent 200 \u20ac, cela permettra \u00e0 notre association de financer le renouvellement de notre mat\u00e9riel, d\u2019am\u00e9liorer le fonctionnement de notre association ainsi que la qualit\u00e9 de nos encadrements, d\u2019ouvrir les interventions de notre association vers du sauvetage sportif, etc\u2026<\/p><p>*La loi pr\u00e9voit une contrepartie possible pour les donateurs limit\u00e9e \u00e0 25% du montant du don et plafonn\u00e9e \u00e0 65\u20ac.<\/p>\t\t\t\t\t\t\t\t<\/div>\n\t\t\t\t<\/div>\n\t\t\t\t<div class=\"elementor-element elementor-element-2f593a9 elementor-widget elementor-widget-text-editor\" data-id=\"2f593a9\" data-element_type=\"widget\" data-e-type=\"widget\" data-widget_type=\"text-editor.default\">\n\t\t\t\t<div class=\"elementor-widget-container\">\n\t\t\t\t\t\t\t\t\t<p><em><strong>Plus d\u2019informations sur les fichiers en t\u00e9l\u00e9chargement\u00a0<\/strong><\/em><\/p>\t\t\t\t\t\t\t\t<\/div>\n\t\t\t\t<\/div>\n\t\t\t\t\t<\/div>\n\t\t<\/div>\n\t\t\t\t<div class=\"elementor-column elementor-col-50 elementor-top-column elementor-element elementor-element-353b09d\" data-id=\"353b09d\" data-element_type=\"column\" data-e-type=\"column\">\n\t\t\t<div class=\"elementor-widget-wrap elementor-element-populated\">\n\t\t\t\t\t\t<div class=\"elementor-element elementor-element-e9d01df ha-has-bg-overlay elementor-widget elementor-widget-heading\" data-id=\"e9d01df\" data-element_type=\"widget\" data-e-type=\"widget\" data-widget_type=\"heading.default\">\n\t\t\t\t<div class=\"elementor-widget-container\">\n\t\t\t\t\t<h4 class=\"elementor-heading-title elementor-size-default\">Pour les entreprises <\/h4>\t\t\t\t<\/div>\n\t\t\t\t<\/div>\n\t\t\t\t<div class=\"elementor-element elementor-element-ba1ab44 elementor-widget elementor-widget-spacer\" data-id=\"ba1ab44\" data-element_type=\"widget\" data-e-type=\"widget\" data-widget_type=\"spacer.default\">\n\t\t\t\t<div class=\"elementor-widget-container\">\n\t\t\t\t\t\t\t<div class=\"elementor-spacer\">\n\t\t\t<div class=\"elementor-spacer-inner\"><\/div>\n\t\t<\/div>\n\t\t\t\t\t\t<\/div>\n\t\t\t\t<\/div>\n\t\t\t\t<div class=\"elementor-element elementor-element-c7b6b98 elementor-widget elementor-widget-text-editor\" data-id=\"c7b6b98\" data-element_type=\"widget\" data-e-type=\"widget\" data-widget_type=\"text-editor.default\">\n\t\t\t\t<div class=\"elementor-widget-container\">\n\t\t\t\t\t\t\t\t\t<p><strong>Exemples de dons :<\/strong><br>Pour un don de <strong>200 \u20ac<\/strong><br>R\u00e9duction d\u2019imp\u00f4t de 120 \u20ac + support de remerciements*<br>Co\u00fbt r\u00e9el = 80 \u20ac<\/p>\n<p>Pour un don de <strong>500 \u20ac<\/strong><br>R\u00e9duction d\u2019imp\u00f4t de 300 \u20ac + support de remerciements*<br>Co\u00fbt r\u00e9el = 200 \u20ac<\/p>\n<p>Pour un don de <strong>1000 \u20ac<\/strong><br>R\u00e9duction d\u2019imp\u00f4t de 600 \u20ac + support de remerciements*<br>Co\u00fbt r\u00e9el = 400 \u20ac<\/p>\n<p>Si 10 entreprises donnent 200 \u20ac, cela permettra \u00e0 notre association de financer le renouvellement de notre mat\u00e9riel, d\u2019am\u00e9liorer le fonctionnement de notre association ainsi que la qualit\u00e9 de nos encadrements, d\u2019ouvrir les interventions de notre association vers du sauvetage sportif, etc\u2026<\/p><p>*Sur lequel peuvent \u00eatre affich\u00e9s votre logo, votre nom, sigle et\/ou coordonn\u00e9s sans message publicitaire.<\/p>\t\t\t\t\t\t\t\t<\/div>\n\t\t\t\t<\/div>\n\t\t\t\t\t<\/div>\n\t\t<\/div>\n\t\t\t\t\t<\/div>\n\t\t<\/section>\n\t\t\t\t<section class=\"elementor-section elementor-top-section elementor-element elementor-element-9fc2ad4 elementor-section-boxed elementor-section-height-default elementor-section-height-default\" data-id=\"9fc2ad4\" data-element_type=\"section\" data-e-type=\"section\" data-settings=\"{&quot;_ha_eqh_enable&quot;:false}\">\n\t\t\t\t\t\t<div class=\"elementor-container elementor-column-gap-default\">\n\t\t\t\t\t<div class=\"elementor-column elementor-col-100 elementor-top-column elementor-element elementor-element-e5ffd88\" data-id=\"e5ffd88\" data-element_type=\"column\" data-e-type=\"column\">\n\t\t\t<div class=\"elementor-widget-wrap elementor-element-populated\">\n\t\t\t\t\t\t<div data-ha-element-link=\"{&quot;url&quot;:&quot;https:\\\/\\\/www.helloasso.com\\\/associations\\\/association-sauvetage-secourisme-du-pays-de-vannes\\\/formulaires\\\/2?utm_source=user&#038;utm_medium=email-transac&#038;utm_campaign=CONFIRMATION_CREATION_FORMULAIRE&quot;,&quot;is_external&quot;:&quot;on&quot;,&quot;nofollow&quot;:&quot;&quot;}\" style=\"cursor: pointer\" class=\"elementor-element elementor-element-9aa4d43 elementor-align-center elementor-widget elementor-widget-button\" data-id=\"9aa4d43\" data-element_type=\"widget\" data-e-type=\"widget\" data-widget_type=\"button.default\">\n\t\t\t\t<div class=\"elementor-widget-container\">\n\t\t\t\t\t\t\t\t\t<div class=\"elementor-button-wrapper\">\n\t\t\t\t\t<a class=\"elementor-button elementor-button-link elementor-size-sm\" href=\"https:\/\/www.helloasso.com\/associations\/association-sauvetage-secourisme-du-pays-de-vannes\/formulaires\/2?utm_source=user&#038;utm_medium=email-transac&#038;utm_campaign=CONFIRMATION_CREATION_FORMULAIRE\" target=\"_blank\">\n\t\t\t\t\t\t<span class=\"elementor-button-content-wrapper\">\n\t\t\t\t\t\t\t\t\t<span class=\"elementor-button-text\">Cliquez ici pour faire un don<\/span>\n\t\t\t\t\t<\/span>\n\t\t\t\t\t<\/a>\n\t\t\t\t<\/div>\n\t\t\t\t\t\t\t\t<\/div>\n\t\t\t\t<\/div>\n\t\t\t\t<div class=\"elementor-element elementor-element-4be787d elementor-widget elementor-widget-spacer\" data-id=\"4be787d\" data-element_type=\"widget\" data-e-type=\"widget\" data-widget_type=\"spacer.default\">\n\t\t\t\t<div class=\"elementor-widget-container\">\n\t\t\t\t\t\t\t<div class=\"elementor-spacer\">\n\t\t\t<div class=\"elementor-spacer-inner\"><\/div>\n\t\t<\/div>\n\t\t\t\t\t\t<\/div>\n\t\t\t\t<\/div>\n\t\t\t\t\t<\/div>\n\t\t<\/div>\n\t\t\t\t\t<\/div>\n\t\t<\/section>\n\t\t\t\t<section class=\"elementor-section elementor-top-section elementor-element elementor-element-f36092f elementor-section-boxed elementor-section-height-default elementor-section-height-default\" data-id=\"f36092f\" data-element_type=\"section\" data-e-type=\"section\" data-settings=\"{&quot;_ha_eqh_enable&quot;:false}\">\n\t\t\t\t\t\t<div class=\"elementor-container elementor-column-gap-default\">\n\t\t\t\t\t<div class=\"elementor-column elementor-col-50 elementor-top-column elementor-element elementor-element-b2d3e50\" data-id=\"b2d3e50\" data-element_type=\"column\" data-e-type=\"column\">\n\t\t\t<div class=\"elementor-widget-wrap elementor-element-populated\">\n\t\t\t\t\t\t<div class=\"elementor-element elementor-element-c0ee0fb elementor-widget elementor-widget-image\" data-id=\"c0ee0fb\" data-element_type=\"widget\" data-e-type=\"widget\" data-widget_type=\"image.default\">\n\t\t\t\t<div class=\"elementor-widget-container\">\n\t\t\t\t\t\t\t\t\t\t\t\t\t\t\t<img fetchpriority=\"high\" decoding=\"async\" width=\"768\" height=\"580\" src=\"https:\/\/www.asspv.fr\/wp-content\/uploads\/2022\/05\/Capture-decran-2022-05-11-a-13.30.57-768x580.png\" class=\"attachment-medium_large size-medium_large wp-image-524\" alt=\"\" srcset=\"https:\/\/www.asspv.fr\/wp-content\/uploads\/2022\/05\/Capture-decran-2022-05-11-a-13.30.57-768x580.png 768w, https:\/\/www.asspv.fr\/wp-content\/uploads\/2022\/05\/Capture-decran-2022-05-11-a-13.30.57-300x226.png 300w, https:\/\/www.asspv.fr\/wp-content\/uploads\/2022\/05\/Capture-decran-2022-05-11-a-13.30.57-1024x773.png 1024w, https:\/\/www.asspv.fr\/wp-content\/uploads\/2022\/05\/Capture-decran-2022-05-11-a-13.30.57.png 1102w\" sizes=\"(max-width: 768px) 100vw, 768px\" \/>\t\t\t\t\t\t\t\t\t\t\t\t\t\t\t<\/div>\n\t\t\t\t<\/div>\n\t\t\t\t<div class=\"elementor-element elementor-element-64a595f elementor-widget elementor-widget-spacer\" data-id=\"64a595f\" data-element_type=\"widget\" data-e-type=\"widget\" data-widget_type=\"spacer.default\">\n\t\t\t\t<div class=\"elementor-widget-container\">\n\t\t\t\t\t\t\t<div class=\"elementor-spacer\">\n\t\t\t<div class=\"elementor-spacer-inner\"><\/div>\n\t\t<\/div>\n\t\t\t\t\t\t<\/div>\n\t\t\t\t<\/div>\n\t\t\t\t\t<\/div>\n\t\t<\/div>\n\t\t\t\t<div class=\"elementor-column elementor-col-50 elementor-top-column elementor-element elementor-element-1f955ab\" data-id=\"1f955ab\" data-element_type=\"column\" data-e-type=\"column\">\n\t\t\t<div class=\"elementor-widget-wrap elementor-element-populated\">\n\t\t\t\t\t\t<div class=\"elementor-element elementor-element-2e1b3fe elementor-widget elementor-widget-image\" data-id=\"2e1b3fe\" data-element_type=\"widget\" data-e-type=\"widget\" data-widget_type=\"image.default\">\n\t\t\t\t<div class=\"elementor-widget-container\">\n\t\t\t\t\t\t\t\t\t\t\t\t\t\t\t<img decoding=\"async\" width=\"768\" height=\"574\" src=\"https:\/\/www.asspv.fr\/wp-content\/uploads\/2022\/05\/Capture-decran-2022-05-11-a-13.30.45-768x574.png\" class=\"attachment-medium_large size-medium_large wp-image-523\" alt=\"\" srcset=\"https:\/\/www.asspv.fr\/wp-content\/uploads\/2022\/05\/Capture-decran-2022-05-11-a-13.30.45-768x574.png 768w, https:\/\/www.asspv.fr\/wp-content\/uploads\/2022\/05\/Capture-decran-2022-05-11-a-13.30.45-300x224.png 300w, https:\/\/www.asspv.fr\/wp-content\/uploads\/2022\/05\/Capture-decran-2022-05-11-a-13.30.45-1024x765.png 1024w, https:\/\/www.asspv.fr\/wp-content\/uploads\/2022\/05\/Capture-decran-2022-05-11-a-13.30.45.png 1108w\" sizes=\"(max-width: 768px) 100vw, 768px\" \/>\t\t\t\t\t\t\t\t\t\t\t\t\t\t\t<\/div>\n\t\t\t\t<\/div>\n\t\t\t\t\t<\/div>\n\t\t<\/div>\n\t\t\t\t\t<\/div>\n\t\t<\/section>\n\t\t\t\t<\/div>\n\t\t","protected":false},"excerpt":{"rendered":"<p>Qu&rsquo;est ce que le M\u00e9c\u00e9nat ? Vous \u00eates int\u00e9ress\u00e9s pour nous aider \u00e0 financer\u00a0des projets, des actions\u2026 Notre association est d\u2019int\u00e9r\u00eat g\u00e9n\u00e9ral !Vous pouvez faire un don et profiter des avantages fiscaux\u00a0offerts par la loi sur le m\u00e9c\u00e9nat\u2026 Pour les personnes physiques Exemples de dons :Pour un don de 100 \u20acR\u00e9duction d\u2019imp\u00f4t de 66 \u20ac [&hellip;]<\/p>\n","protected":false},"author":1,"featured_media":0,"parent":0,"menu_order":0,"comment_status":"closed","ping_status":"closed","template":"","meta":{"site-sidebar-layout":"no-sidebar","site-content-layout":"page-builder","ast-site-content-layout":"","site-content-style":"default","site-sidebar-style":"default","ast-global-header-display":"","ast-banner-title-visibility":"","ast-main-header-display":"","ast-hfb-above-header-display":"","ast-hfb-below-header-display":"","ast-hfb-mobile-header-display":"","site-post-title":"disabled","ast-breadcrumbs-content":"","ast-featured-img":"disabled","footer-sml-layout":"","theme-transparent-header-meta":"","adv-header-id-meta":"","stick-header-meta":"","header-above-stick-meta":"","header-main-stick-meta":"","header-below-stick-meta":"","astra-migrate-meta-layouts":"default","ast-page-background-enabled":"default","ast-page-background-meta":{"desktop":{"background-color":"var(--ast-global-color-4)","background-image":"","background-repeat":"repeat","background-position":"center center","background-size":"auto","background-attachment":"scroll","background-type":"","background-media":"","overlay-type":"","overlay-color":"","overlay-opacity":"","overlay-gradient":""},"tablet":{"background-color":"","background-image":"","background-repeat":"repeat","background-position":"center center","background-size":"auto","background-attachment":"scroll","background-type":"","background-media":"","overlay-type":"","overlay-color":"","overlay-opacity":"","overlay-gradient":""},"mobile":{"background-color":"","background-image":"","background-repeat":"repeat","background-position":"center center","background-size":"auto","background-attachment":"scroll","background-type":"","background-media":"","overlay-type":"","overlay-color":"","overlay-opacity":"","overlay-gradient":""}},"ast-content-background-meta":{"desktop":{"background-color":"var(--ast-global-color-5)","background-image":"","background-repeat":"repeat","background-position":"center center","background-size":"auto","background-attachment":"scroll","background-type":"","background-media":"","overlay-type":"","overlay-color":"","overlay-opacity":"","overlay-gradient":""},"tablet":{"background-color":"var(--ast-global-color-5)","background-image":"","background-repeat":"repeat","background-position":"center center","background-size":"auto","background-attachment":"scroll","background-type":"","background-media":"","overlay-type":"","overlay-color":"","overlay-opacity":"","overlay-gradient":""},"mobile":{"background-color":"var(--ast-global-color-5)","background-image":"","background-repeat":"repeat","background-position":"center center","background-size":"auto","background-attachment":"scroll","background-type":"","background-media":"","overlay-type":"","overlay-color":"","overlay-opacity":"","overlay-gradient":""}},"footnotes":""},"class_list":["post-520","page","type-page","status-publish","hentry"],"_links":{"self":[{"href":"https:\/\/www.asspv.fr\/index.php\/wp-json\/wp\/v2\/pages\/520","targetHints":{"allow":["GET"]}}],"collection":[{"href":"https:\/\/www.asspv.fr\/index.php\/wp-json\/wp\/v2\/pages"}],"about":[{"href":"https:\/\/www.asspv.fr\/index.php\/wp-json\/wp\/v2\/types\/page"}],"author":[{"embeddable":true,"href":"https:\/\/www.asspv.fr\/index.php\/wp-json\/wp\/v2\/users\/1"}],"replies":[{"embeddable":true,"href":"https:\/\/www.asspv.fr\/index.php\/wp-json\/wp\/v2\/comments?post=520"}],"version-history":[{"count":47,"href":"https:\/\/www.asspv.fr\/index.php\/wp-json\/wp\/v2\/pages\/520\/revisions"}],"predecessor-version":[{"id":1906,"href":"https:\/\/www.asspv.fr\/index.php\/wp-json\/wp\/v2\/pages\/520\/revisions\/1906"}],"wp:attachment":[{"href":"https:\/\/www.asspv.fr\/index.php\/wp-json\/wp\/v2\/media?parent=520"}],"curies":[{"name":"wp","href":"https:\/\/api.w.org\/{rel}","templated":true}]}}