{"id":2024,"date":"2022-06-24T09:17:13","date_gmt":"2022-06-24T07:17:13","guid":{"rendered":"https:\/\/www.asspv.fr\/?page_id=2024"},"modified":"2026-03-04T17:04:04","modified_gmt":"2026-03-04T16:04:04","slug":"sauvetage-adulte","status":"publish","type":"page","link":"https:\/\/www.asspv.fr\/index.php\/sauvetage-adulte\/","title":{"rendered":"Sauvetage adulte"},"content":{"rendered":"\t\t<div data-elementor-type=\"wp-page\" data-elementor-id=\"2024\" class=\"elementor elementor-2024\" data-elementor-settings=\"{&quot;ha_cmc_init_switcher&quot;:&quot;no&quot;}\">\n\t\t\t\t\t\t<section class=\"elementor-section elementor-top-section elementor-element elementor-element-523fc83 elementor-section-boxed elementor-section-height-default elementor-section-height-default\" data-id=\"523fc83\" data-element_type=\"section\" data-e-type=\"section\" data-settings=\"{&quot;_ha_eqh_enable&quot;:false}\">\n\t\t\t\t\t\t<div class=\"elementor-container elementor-column-gap-default\">\n\t\t\t\t\t<div class=\"elementor-column elementor-col-100 elementor-top-column elementor-element elementor-element-e15a8c5\" data-id=\"e15a8c5\" data-element_type=\"column\" data-e-type=\"column\">\n\t\t\t<div class=\"elementor-widget-wrap elementor-element-populated\">\n\t\t\t\t\t\t<div class=\"elementor-element elementor-element-38de0e9 elementor-widget elementor-widget-spacer\" data-id=\"38de0e9\" data-element_type=\"widget\" data-e-type=\"widget\" data-widget_type=\"spacer.default\">\n\t\t\t\t<div class=\"elementor-widget-container\">\n\t\t\t\t\t\t\t<div class=\"elementor-spacer\">\n\t\t\t<div class=\"elementor-spacer-inner\"><\/div>\n\t\t<\/div>\n\t\t\t\t\t\t<\/div>\n\t\t\t\t<\/div>\n\t\t\t\t<div class=\"elementor-element elementor-element-c1aaf2a ha-has-bg-overlay elementor-widget elementor-widget-heading\" data-id=\"c1aaf2a\" data-element_type=\"widget\" data-e-type=\"widget\" data-widget_type=\"heading.default\">\n\t\t\t\t<div class=\"elementor-widget-container\">\n\t\t\t\t\t<h2 class=\"elementor-heading-title elementor-size-default\">Sauvetage adulte<\/h2>\t\t\t\t<\/div>\n\t\t\t\t<\/div>\n\t\t\t\t<div class=\"elementor-element elementor-element-43baa3b elementor-widget elementor-widget-image\" data-id=\"43baa3b\" data-element_type=\"widget\" data-e-type=\"widget\" data-widget_type=\"image.default\">\n\t\t\t\t<div class=\"elementor-widget-container\">\n\t\t\t\t\t\t\t\t\t\t\t\t\t\t\t<img fetchpriority=\"high\" decoding=\"async\" width=\"768\" height=\"512\" src=\"https:\/\/www.asspv.fr\/wp-content\/uploads\/2025\/07\/DSC_3838-768x512.jpg\" class=\"attachment-medium_large size-medium_large wp-image-3072\" alt=\"\" srcset=\"https:\/\/www.asspv.fr\/wp-content\/uploads\/2025\/07\/DSC_3838-768x512.jpg 768w, https:\/\/www.asspv.fr\/wp-content\/uploads\/2025\/07\/DSC_3838-300x200.jpg 300w, https:\/\/www.asspv.fr\/wp-content\/uploads\/2025\/07\/DSC_3838-1024x683.jpg 1024w, https:\/\/www.asspv.fr\/wp-content\/uploads\/2025\/07\/DSC_3838-1536x1024.jpg 1536w, https:\/\/www.asspv.fr\/wp-content\/uploads\/2025\/07\/DSC_3838-2048x1365.jpg 2048w\" sizes=\"(max-width: 768px) 100vw, 768px\" \/>\t\t\t\t\t\t\t\t\t\t\t\t\t\t\t<\/div>\n\t\t\t\t<\/div>\n\t\t\t\t<div class=\"elementor-element elementor-element-4e991df elementor-widget elementor-widget-heading\" data-id=\"4e991df\" data-element_type=\"widget\" data-e-type=\"widget\" data-widget_type=\"heading.default\">\n\t\t\t\t<div class=\"elementor-widget-container\">\n\t\t\t\t\t<h2 class=\"elementor-heading-title elementor-size-default\">Pour qui ? <\/h2>\t\t\t\t<\/div>\n\t\t\t\t<\/div>\n\t\t\t\t<div class=\"elementor-element elementor-element-c7e30af elementor-widget elementor-widget-text-editor\" data-id=\"c7e30af\" data-element_type=\"widget\" data-e-type=\"widget\" data-widget_type=\"text-editor.default\">\n\t\t\t\t<div class=\"elementor-widget-container\">\n\t\t\t\t\t\t\t\t\t<p>Section pour les personnes voulant s&rsquo;exercer au sauvetage, devenir \u00e0 l&rsquo;aise avec le milieu aquatique : savoir se sauver.\u00a0<\/p><p>Cours en piscine et en mer<\/p>\t\t\t\t\t\t\t\t<\/div>\n\t\t\t\t<\/div>\n\t\t\t\t<div class=\"elementor-element elementor-element-a47d975 elementor-widget elementor-widget-heading\" data-id=\"a47d975\" data-element_type=\"widget\" data-e-type=\"widget\" data-widget_type=\"heading.default\">\n\t\t\t\t<div class=\"elementor-widget-container\">\n\t\t\t\t\t<h2 class=\"elementor-heading-title elementor-size-default\">Informations<\/h2>\t\t\t\t<\/div>\n\t\t\t\t<\/div>\n\t\t\t\t<div class=\"elementor-element elementor-element-09a8d3e elementor-widget-divider--view-line elementor-widget elementor-widget-divider\" data-id=\"09a8d3e\" data-element_type=\"widget\" data-e-type=\"widget\" data-widget_type=\"divider.default\">\n\t\t\t\t<div class=\"elementor-widget-container\">\n\t\t\t\t\t\t\t<div class=\"elementor-divider\">\n\t\t\t<span class=\"elementor-divider-separator\">\n\t\t\t\t\t\t<\/span>\n\t\t<\/div>\n\t\t\t\t\t\t<\/div>\n\t\t\t\t<\/div>\n\t\t\t\t<div class=\"elementor-element elementor-element-942fc10 elementor-widget elementor-widget-text-editor\" data-id=\"942fc10\" data-element_type=\"widget\" data-e-type=\"widget\" data-widget_type=\"text-editor.default\">\n\t\t\t\t<div class=\"elementor-widget-container\">\n\t\t\t\t\t\t\t\t\t<div>Le premier entra\u00eenement d\u00e9bute en octobre.<\/div><div>\u00a0<\/div><div>Tous les entra\u00eenements ont lieu \u00e0 la piscine de Kercado<\/div><div><div>\u00a0<\/div><div><div><span style=\"font-weight: bold;\">Activit\u00e9s mer :\u00a0<\/span><\/div><div dir=\"auto\"><p style=\"font-size: 15px; font-style: normal; font-weight: 400;\">Les mercredi apr\u00e8s-midi et les samedi matin<\/p><div>Selon conditions m\u00e9t\u00e9o et disponibilit\u00e9s<\/div><\/div><\/div><\/div><div>\u00a0<\/div>\t\t\t\t\t\t\t\t<\/div>\n\t\t\t\t<\/div>\n\t\t\t\t<div class=\"elementor-element elementor-element-d1b0656 elementor-widget elementor-widget-image\" data-id=\"d1b0656\" data-element_type=\"widget\" data-e-type=\"widget\" data-widget_type=\"image.default\">\n\t\t\t\t<div class=\"elementor-widget-container\">\n\t\t\t\t\t\t\t\t\t\t\t\t\t\t\t<img decoding=\"async\" width=\"300\" height=\"225\" src=\"https:\/\/www.asspv.fr\/wp-content\/uploads\/2022\/06\/20AC1E7D-BEE0-4635-969D-106567EB4195-300x225.jpg\" class=\"attachment-medium size-medium wp-image-1973\" alt=\"\" srcset=\"https:\/\/www.asspv.fr\/wp-content\/uploads\/2022\/06\/20AC1E7D-BEE0-4635-969D-106567EB4195-300x225.jpg 300w, https:\/\/www.asspv.fr\/wp-content\/uploads\/2022\/06\/20AC1E7D-BEE0-4635-969D-106567EB4195-768x576.jpg 768w, https:\/\/www.asspv.fr\/wp-content\/uploads\/2022\/06\/20AC1E7D-BEE0-4635-969D-106567EB4195.jpg 1024w\" sizes=\"(max-width: 300px) 100vw, 300px\" \/>\t\t\t\t\t\t\t\t\t\t\t\t\t\t\t<\/div>\n\t\t\t\t<\/div>\n\t\t\t\t\t<\/div>\n\t\t<\/div>\n\t\t\t\t\t<\/div>\n\t\t<\/section>\n\t\t\t\t<\/div>\n\t\t","protected":false},"excerpt":{"rendered":"<p>Sauvetage adulte Pour qui ? Section pour les personnes voulant s&rsquo;exercer au sauvetage, devenir \u00e0 l&rsquo;aise avec le milieu aquatique : savoir se sauver.\u00a0 Cours en piscine et en mer Informations Le premier entra\u00eenement d\u00e9bute en octobre.\u00a0Tous les entra\u00eenements ont lieu \u00e0 la piscine de Kercado\u00a0Activit\u00e9s mer :\u00a0 Les mercredi apr\u00e8s-midi et les samedi matin [&hellip;]<\/p>\n","protected":false},"author":1,"featured_media":0,"parent":0,"menu_order":0,"comment_status":"closed","ping_status":"closed","template":"","meta":{"site-sidebar-layout":"no-sidebar","site-content-layout":"page-builder","ast-site-content-layout":"","site-content-style":"default","site-sidebar-style":"default","ast-global-header-display":"","ast-banner-title-visibility":"","ast-main-header-display":"","ast-hfb-above-header-display":"","ast-hfb-below-header-display":"","ast-hfb-mobile-header-display":"","site-post-title":"disabled","ast-breadcrumbs-content":"","ast-featured-img":"disabled","footer-sml-layout":"","theme-transparent-header-meta":"","adv-header-id-meta":"","stick-header-meta":"","header-above-stick-meta":"","header-main-stick-meta":"","header-below-stick-meta":"","astra-migrate-meta-layouts":"default","ast-page-background-enabled":"default","ast-page-background-meta":{"desktop":{"background-color":"var(--ast-global-color-4)","background-image":"","background-repeat":"repeat","background-position":"center center","background-size":"auto","background-attachment":"scroll","background-type":"","background-media":"","overlay-type":"","overlay-color":"","overlay-opacity":"","overlay-gradient":""},"tablet":{"background-color":"","background-image":"","background-repeat":"repeat","background-position":"center center","background-size":"auto","background-attachment":"scroll","background-type":"","background-media":"","overlay-type":"","overlay-color":"","overlay-opacity":"","overlay-gradient":""},"mobile":{"background-color":"","background-image":"","background-repeat":"repeat","background-position":"center center","background-size":"auto","background-attachment":"scroll","background-type":"","background-media":"","overlay-type":"","overlay-color":"","overlay-opacity":"","overlay-gradient":""}},"ast-content-background-meta":{"desktop":{"background-color":"var(--ast-global-color-5)","background-image":"","background-repeat":"repeat","background-position":"center center","background-size":"auto","background-attachment":"scroll","background-type":"","background-media":"","overlay-type":"","overlay-color":"","overlay-opacity":"","overlay-gradient":""},"tablet":{"background-color":"var(--ast-global-color-5)","background-image":"","background-repeat":"repeat","background-position":"center center","background-size":"auto","background-attachment":"scroll","background-type":"","background-media":"","overlay-type":"","overlay-color":"","overlay-opacity":"","overlay-gradient":""},"mobile":{"background-color":"var(--ast-global-color-5)","background-image":"","background-repeat":"repeat","background-position":"center center","background-size":"auto","background-attachment":"scroll","background-type":"","background-media":"","overlay-type":"","overlay-color":"","overlay-opacity":"","overlay-gradient":""}},"footnotes":""},"class_list":["post-2024","page","type-page","status-publish","hentry"],"_links":{"self":[{"href":"https:\/\/www.asspv.fr\/index.php\/wp-json\/wp\/v2\/pages\/2024","targetHints":{"allow":["GET"]}}],"collection":[{"href":"https:\/\/www.asspv.fr\/index.php\/wp-json\/wp\/v2\/pages"}],"about":[{"href":"https:\/\/www.asspv.fr\/index.php\/wp-json\/wp\/v2\/types\/page"}],"author":[{"embeddable":true,"href":"https:\/\/www.asspv.fr\/index.php\/wp-json\/wp\/v2\/users\/1"}],"replies":[{"embeddable":true,"href":"https:\/\/www.asspv.fr\/index.php\/wp-json\/wp\/v2\/comments?post=2024"}],"version-history":[{"count":43,"href":"https:\/\/www.asspv.fr\/index.php\/wp-json\/wp\/v2\/pages\/2024\/revisions"}],"predecessor-version":[{"id":3360,"href":"https:\/\/www.asspv.fr\/index.php\/wp-json\/wp\/v2\/pages\/2024\/revisions\/3360"}],"wp:attachment":[{"href":"https:\/\/www.asspv.fr\/index.php\/wp-json\/wp\/v2\/media?parent=2024"}],"curies":[{"name":"wp","href":"https:\/\/api.w.org\/{rel}","templated":true}]}}